{"id":3800,"date":"2021-10-08T16:33:17","date_gmt":"2021-10-08T16:33:17","guid":{"rendered":"https:\/\/www.decinti.com\/?page_id=3800"},"modified":"2026-03-13T19:10:15","modified_gmt":"2026-03-13T19:10:15","slug":"america","status":"publish","type":"page","link":"https:\/\/www.decinti.com\/en\/america\/","title":{"rendered":"Mitolog\u00eda americana"},"content":{"rendered":"<h4>Mitolog\u00eda maya<\/h4>\n\n\t\t<style type=\"text\/css\">\n\t\t\t#gallery-1 {\n\t\t\t\tmargin: auto;\n\t\t\t}\n\t\t\t#gallery-1 .gallery-item {\n\t\t\t\tfloat: left;\n\t\t\t\tmargin-top: 10px;\n\t\t\t\ttext-align: center;\n\t\t\t\twidth: 50%;\n\t\t\t}\n\t\t\t#gallery-1 img {\n\t\t\t\tborder: 2px solid #cfcfcf;\n\t\t\t}\n\t\t\t#gallery-1 .gallery-caption {\n\t\t\t\tmargin-left: 0;\n\t\t\t}\n\t\t\t\/* see gallery_shortcode() in wp-includes\/media.php *\/\n\t\t<\/style>\n\t\t<div id='gallery-1' class='gallery galleryid-3800 gallery-columns-2 gallery-size-thumbnail'><dl class='gallery-item'>\n\t\t\t<dt class='gallery-icon landscape'>\n\t\t\t\t<a href='https:\/\/www.decinti.com\/en\/america\/kawiil-wayaab-y-el-dios-viejo-2026-196\/'><img loading=\"lazy\" decoding=\"async\" width=\"150\" height=\"77\" src=\"https:\/\/www.decinti.com\/wp-content\/uploads\/2026\/03\/Kawiil-Wayaab-y-el-dios-viejo-2026-196-150x77.jpg\" class=\"attachment-thumbnail size-thumbnail\" alt=\"\" aria-describedby=\"gallery-1-7218\" srcset=\"https:\/\/www.decinti.com\/wp-content\/uploads\/2026\/03\/Kawiil-Wayaab-y-el-dios-viejo-2026-196-150x77.jpg 150w, https:\/\/www.decinti.com\/wp-content\/uploads\/2026\/03\/Kawiil-Wayaab-y-el-dios-viejo-2026-196-800x412.jpg 800w, https:\/\/www.decinti.com\/wp-content\/uploads\/2026\/03\/Kawiil-Wayaab-y-el-dios-viejo-2026-196-1600x823.jpg 1600w, https:\/\/www.decinti.com\/wp-content\/uploads\/2026\/03\/Kawiil-Wayaab-y-el-dios-viejo-2026-196-768x395.jpg 768w, https:\/\/www.decinti.com\/wp-content\/uploads\/2026\/03\/Kawiil-Wayaab-y-el-dios-viejo-2026-196-1536x790.jpg 1536w, https:\/\/www.decinti.com\/wp-content\/uploads\/2026\/03\/Kawiil-Wayaab-y-el-dios-viejo-2026-196-2048x1054.jpg 2048w\" sizes=\"(max-width: 150px) 100vw, 150px\" \/><\/a>\n\t\t\t<\/dt>\n\t\t\t\t<dd class='wp-caption-text gallery-caption' id='gallery-1-7218'>\n\t\t\t\tKawiil, Wayaab y el dios Viejo, 2026<span class=\"cartela\"><br> \u00d3leo y alqu\u00eddico sobre lienzo, 195 x 100 cm<\/span>\n\t\t\t\t<\/dd><\/dl><dl class='gallery-item'>\n\t\t\t<dt class='gallery-icon landscape'>\n\t\t\t\t<a href='https:\/\/www.decinti.com\/en\/america\/dsc_0645\/'><img loading=\"lazy\" decoding=\"async\" width=\"150\" height=\"113\" src=\"https:\/\/www.decinti.com\/wp-content\/uploads\/2026\/03\/DSC_0645-150x113.jpg\" class=\"attachment-thumbnail size-thumbnail\" alt=\"\" srcset=\"https:\/\/www.decinti.com\/wp-content\/uploads\/2026\/03\/DSC_0645-150x113.jpg 150w, https:\/\/www.decinti.com\/wp-content\/uploads\/2026\/03\/DSC_0645-800x602.jpg 800w, https:\/\/www.decinti.com\/wp-content\/uploads\/2026\/03\/DSC_0645-1600x1204.jpg 1600w, https:\/\/www.decinti.com\/wp-content\/uploads\/2026\/03\/DSC_0645-768x578.jpg 768w, https:\/\/www.decinti.com\/wp-content\/uploads\/2026\/03\/DSC_0645-1536x1156.jpg 1536w, https:\/\/www.decinti.com\/wp-content\/uploads\/2026\/03\/DSC_0645.jpg 2000w\" sizes=\"(max-width: 150px) 100vw, 150px\" \/><\/a>\n\t\t\t<\/dt><\/dl><br style=\"clear: both\" \/><dl class='gallery-item'>\n\t\t\t<dt class='gallery-icon portrait'>\n\t\t\t\t<a href='https:\/\/www.decinti.com\/en\/america\/05-ixquic-80-x-160-cm\/'><img loading=\"lazy\" decoding=\"async\" width=\"75\" height=\"150\" src=\"https:\/\/www.decinti.com\/wp-content\/uploads\/2021\/10\/05-Ixquic-80-x-160-cm-75x150.jpg\" class=\"attachment-thumbnail size-thumbnail\" alt=\"\" aria-describedby=\"gallery-1-3802\" srcset=\"https:\/\/www.decinti.com\/wp-content\/uploads\/2021\/10\/05-Ixquic-80-x-160-cm-75x150.jpg 75w, https:\/\/www.decinti.com\/wp-content\/uploads\/2021\/10\/05-Ixquic-80-x-160-cm-401x800.jpg 401w, https:\/\/www.decinti.com\/wp-content\/uploads\/2021\/10\/05-Ixquic-80-x-160-cm-768x1534.jpg 768w, https:\/\/www.decinti.com\/wp-content\/uploads\/2021\/10\/05-Ixquic-80-x-160-cm.jpg 801w\" sizes=\"(max-width: 75px) 100vw, 75px\" \/><\/a>\n\t\t\t<\/dt>\n\t\t\t\t<dd class='wp-caption-text gallery-caption' id='gallery-1-3802'>\n\t\t\t\tIxquic, 2021<span class=\"cartela\"><br> \u00d3leo y alqu\u00eddico sobre lienzo, 80 x 160 cm<\/span>\n\t\t\t\t<\/dd><\/dl><dl class='gallery-item'>\n\t\t\t<dt class='gallery-icon portrait'>\n\t\t\t\t<a href='https:\/\/www.decinti.com\/en\/america\/1-detalle-ix\/'><img loading=\"lazy\" decoding=\"async\" width=\"107\" height=\"150\" src=\"https:\/\/www.decinti.com\/wp-content\/uploads\/2021\/10\/1-detalle-Ix-107x150.jpg\" class=\"attachment-thumbnail size-thumbnail\" alt=\"\" aria-describedby=\"gallery-1-3807\" srcset=\"https:\/\/www.decinti.com\/wp-content\/uploads\/2021\/10\/1-detalle-Ix-107x150.jpg 107w, https:\/\/www.decinti.com\/wp-content\/uploads\/2021\/10\/1-detalle-Ix-568x800.jpg 568w, https:\/\/www.decinti.com\/wp-content\/uploads\/2021\/10\/1-detalle-Ix-768x1082.jpg 768w, https:\/\/www.decinti.com\/wp-content\/uploads\/2021\/10\/1-detalle-Ix-1136x1600.jpg 1136w, https:\/\/www.decinti.com\/wp-content\/uploads\/2021\/10\/1-detalle-Ix.jpg 1420w\" sizes=\"(max-width: 107px) 100vw, 107px\" \/><\/a>\n\t\t\t<\/dt>\n\t\t\t\t<dd class='wp-caption-text gallery-caption' id='gallery-1-3807'>\n\t\t\t\tIxquic, 2021<span class=\"cartela\"><br> \u00d3leo y alqu\u00eddico sobre lienzo, 80 x 160 cm<\/span>\n\t\t\t\t<\/dd><\/dl><br style=\"clear: both\" \/><dl class='gallery-item'>\n\t\t\t<dt class='gallery-icon landscape'>\n\t\t\t\t<a href='https:\/\/www.decinti.com\/en\/america\/09-ixquiq-180-x-160-cm\/'><img loading=\"lazy\" decoding=\"async\" width=\"150\" height=\"133\" src=\"https:\/\/www.decinti.com\/wp-content\/uploads\/2021\/10\/09-Ixquiq-180-x-160-cm-150x133.jpg\" class=\"attachment-thumbnail size-thumbnail\" alt=\"\" aria-describedby=\"gallery-1-3803\" srcset=\"https:\/\/www.decinti.com\/wp-content\/uploads\/2021\/10\/09-Ixquiq-180-x-160-cm-150x133.jpg 150w, https:\/\/www.decinti.com\/wp-content\/uploads\/2021\/10\/09-Ixquiq-180-x-160-cm-800x712.jpg 800w, https:\/\/www.decinti.com\/wp-content\/uploads\/2021\/10\/09-Ixquiq-180-x-160-cm-768x683.jpg 768w, https:\/\/www.decinti.com\/wp-content\/uploads\/2021\/10\/09-Ixquiq-180-x-160-cm.jpg 1600w\" sizes=\"(max-width: 150px) 100vw, 150px\" \/><\/a>\n\t\t\t<\/dt>\n\t\t\t\t<dd class='wp-caption-text gallery-caption' id='gallery-1-3803'>\n\t\t\t\tIxquic y los cuatro mensajeros de Xibalb\u00e1, 2021<span class=\"cartela\"><br> \u00d3leo y alqu\u00eddico sobre lienzo, 180 x 160 cm<\/span>\n\t\t\t\t<\/dd><\/dl><dl class='gallery-item'>\n\t\t\t<dt class='gallery-icon landscape'>\n\t\t\t\t<a href='https:\/\/www.decinti.com\/en\/america\/1-ixquiq-180-x-160-cm\/'><img loading=\"lazy\" decoding=\"async\" width=\"150\" height=\"115\" src=\"https:\/\/www.decinti.com\/wp-content\/uploads\/2021\/10\/1-Ixquiq-180-x-160-cm-150x115.jpg\" class=\"attachment-thumbnail size-thumbnail\" alt=\"\" aria-describedby=\"gallery-1-3809\" srcset=\"https:\/\/www.decinti.com\/wp-content\/uploads\/2021\/10\/1-Ixquiq-180-x-160-cm-150x115.jpg 150w, https:\/\/www.decinti.com\/wp-content\/uploads\/2021\/10\/1-Ixquiq-180-x-160-cm-800x615.jpg 800w, https:\/\/www.decinti.com\/wp-content\/uploads\/2021\/10\/1-Ixquiq-180-x-160-cm-768x591.jpg 768w, https:\/\/www.decinti.com\/wp-content\/uploads\/2021\/10\/1-Ixquiq-180-x-160-cm-1600x1230.jpg 1600w, https:\/\/www.decinti.com\/wp-content\/uploads\/2021\/10\/1-Ixquiq-180-x-160-cm.jpg 2000w\" sizes=\"(max-width: 150px) 100vw, 150px\" \/><\/a>\n\t\t\t<\/dt>\n\t\t\t\t<dd class='wp-caption-text gallery-caption' id='gallery-1-3809'>\n\t\t\t\tIxquic, 2021<span class=\"cartela\"><br> \u00d3leo y alqu\u00eddico sobre lienzo, 80 x 160 cm<\/span>\n\t\t\t\t<\/dd><\/dl><br style=\"clear: both\" \/>\n\t\t<\/div>\n\n<h4>Mitolog\u00eda mapuche<\/h4>\n<p>Inspirado en el relato <em>Trentrenfil\u00fa. El mito cosmog\u00f3nico fundamental de la mitolog\u00eda mapuche<\/em> de <a href=\"https:\/\/www.marcialpons.es\/autores\/trivero-rivera-alberto\/1153463978\/\">Alberto Trivero<\/a><\/p>\n\n\t\t<style type=\"text\/css\">\n\t\t\t#gallery-2 {\n\t\t\t\tmargin: auto;\n\t\t\t}\n\t\t\t#gallery-2 .gallery-item {\n\t\t\t\tfloat: left;\n\t\t\t\tmargin-top: 10px;\n\t\t\t\ttext-align: center;\n\t\t\t\twidth: 50%;\n\t\t\t}\n\t\t\t#gallery-2 img {\n\t\t\t\tborder: 2px solid #cfcfcf;\n\t\t\t}\n\t\t\t#gallery-2 .gallery-caption {\n\t\t\t\tmargin-left: 0;\n\t\t\t}\n\t\t\t\/* see gallery_shortcode() in wp-includes\/media.php *\/\n\t\t<\/style>\n\t\t<div id='gallery-2' class='gallery galleryid-3800 gallery-columns-2 gallery-size-thumbnail'><dl class='gallery-item'>\n\t\t\t<dt class='gallery-icon portrait'>\n\t\t\t\t<a href='https:\/\/www.decinti.com\/en\/america\/14-trauko\/'><img loading=\"lazy\" decoding=\"async\" width=\"114\" height=\"150\" src=\"https:\/\/www.decinti.com\/wp-content\/uploads\/2021\/10\/14-trauko-114x150.jpg\" class=\"attachment-thumbnail size-thumbnail\" alt=\"\" aria-describedby=\"gallery-2-3804\" srcset=\"https:\/\/www.decinti.com\/wp-content\/uploads\/2021\/10\/14-trauko-114x150.jpg 114w, https:\/\/www.decinti.com\/wp-content\/uploads\/2021\/10\/14-trauko-610x800.jpg 610w, https:\/\/www.decinti.com\/wp-content\/uploads\/2021\/10\/14-trauko-768x1007.jpg 768w, https:\/\/www.decinti.com\/wp-content\/uploads\/2021\/10\/14-trauko.jpg 1220w\" sizes=\"(max-width: 114px) 100vw, 114px\" \/><\/a>\n\t\t\t<\/dt>\n\t\t\t\t<dd class='wp-caption-text gallery-caption' id='gallery-2-3804'>\n\t\t\t\tLa fecundaci\u00f3n del Trauko, 2021<span class=\"cartela\"><br> \u00d3leo y alqu\u00eddico sobre lienzo, 100 x 130 cm<\/span>\n\t\t\t\t<\/dd><\/dl><dl class='gallery-item'>\n\t\t\t<dt class='gallery-icon landscape'>\n\t\t\t\t<a href='https:\/\/www.decinti.com\/en\/america\/1-trauko\/'><img loading=\"lazy\" decoding=\"async\" width=\"150\" height=\"105\" src=\"https:\/\/www.decinti.com\/wp-content\/uploads\/2021\/10\/1-trauko-150x105.jpg\" class=\"attachment-thumbnail size-thumbnail\" alt=\"\" aria-describedby=\"gallery-2-3812\" srcset=\"https:\/\/www.decinti.com\/wp-content\/uploads\/2021\/10\/1-trauko-150x105.jpg 150w, https:\/\/www.decinti.com\/wp-content\/uploads\/2021\/10\/1-trauko-800x559.jpg 800w, https:\/\/www.decinti.com\/wp-content\/uploads\/2021\/10\/1-trauko-768x537.jpg 768w, https:\/\/www.decinti.com\/wp-content\/uploads\/2021\/10\/1-trauko-1600x1119.jpg 1600w, https:\/\/www.decinti.com\/wp-content\/uploads\/2021\/10\/1-trauko.jpg 1941w\" sizes=\"(max-width: 150px) 100vw, 150px\" \/><\/a>\n\t\t\t<\/dt>\n\t\t\t\t<dd class='wp-caption-text gallery-caption' id='gallery-2-3812'>\n\t\t\t\tLa fecundaci\u00f3n del Trauko, 2021<span class=\"cartela\"><br> \u00d3leo y alqu\u00eddico sobre lienzo, 100 x 130 cm<\/span>\n\t\t\t\t<\/dd><\/dl><br style=\"clear: both\" \/><dl class='gallery-item'>\n\t\t\t<dt class='gallery-icon landscape'>\n\t\t\t\t<a href='https:\/\/www.decinti.com\/en\/america\/04-licarayen-162-x-81-cm\/'><img loading=\"lazy\" decoding=\"async\" width=\"150\" height=\"75\" src=\"https:\/\/www.decinti.com\/wp-content\/uploads\/2021\/10\/04-Licaray\u00e9n-162-x-81-cm-150x75.jpg\" class=\"attachment-thumbnail size-thumbnail\" alt=\"\" aria-describedby=\"gallery-2-3801\" srcset=\"https:\/\/www.decinti.com\/wp-content\/uploads\/2021\/10\/04-Licaray\u00e9n-162-x-81-cm-150x75.jpg 150w, https:\/\/www.decinti.com\/wp-content\/uploads\/2021\/10\/04-Licaray\u00e9n-162-x-81-cm-800x400.jpg 800w, https:\/\/www.decinti.com\/wp-content\/uploads\/2021\/10\/04-Licaray\u00e9n-162-x-81-cm-768x384.jpg 768w, https:\/\/www.decinti.com\/wp-content\/uploads\/2021\/10\/04-Licaray\u00e9n-162-x-81-cm.jpg 1600w\" sizes=\"(max-width: 150px) 100vw, 150px\" \/><\/a>\n\t\t\t<\/dt>\n\t\t\t\t<dd class='wp-caption-text gallery-caption' id='gallery-2-3801'>\n\t\t\t\tLicaray\u00e9n, 2021<span class=\"cartela\"><br> \u00d3leo y alqu\u00eddico sobre lienzo, 162 x 81 cm<\/span>\n\t\t\t\t<\/dd><\/dl><dl class='gallery-item'>\n\t\t\t<dt class='gallery-icon landscape'>\n\t\t\t\t<a href='https:\/\/www.decinti.com\/en\/america\/dsc_0834\/'><img loading=\"lazy\" decoding=\"async\" width=\"150\" height=\"100\" src=\"https:\/\/www.decinti.com\/wp-content\/uploads\/2021\/10\/DSC_0834-150x100.jpg\" class=\"attachment-thumbnail size-thumbnail\" alt=\"\" aria-describedby=\"gallery-2-3813\" srcset=\"https:\/\/www.decinti.com\/wp-content\/uploads\/2021\/10\/DSC_0834-150x100.jpg 150w, https:\/\/www.decinti.com\/wp-content\/uploads\/2021\/10\/DSC_0834-800x533.jpg 800w, https:\/\/www.decinti.com\/wp-content\/uploads\/2021\/10\/DSC_0834-768x512.jpg 768w, https:\/\/www.decinti.com\/wp-content\/uploads\/2021\/10\/DSC_0834-1600x1066.jpg 1600w, https:\/\/www.decinti.com\/wp-content\/uploads\/2021\/10\/DSC_0834.jpg 2000w\" sizes=\"(max-width: 150px) 100vw, 150px\" \/><\/a>\n\t\t\t<\/dt>\n\t\t\t\t<dd class='wp-caption-text gallery-caption' id='gallery-2-3813'>\n\t\t\t\tLicaray\u00e9n, 2021<span class=\"cartela\"><br> \u00d3leo y alqu\u00eddico sobre lienzo, 162 x 81 cm<\/span>\n\t\t\t\t<\/dd><\/dl><br style=\"clear: both\" \/><dl class='gallery-item'>\n\t\t\t<dt class='gallery-icon portrait'>\n\t\t\t\t<a href='https:\/\/www.decinti.com\/en\/america\/17-licarayen\/'><img loading=\"lazy\" decoding=\"async\" width=\"111\" height=\"150\" src=\"https:\/\/www.decinti.com\/wp-content\/uploads\/2021\/10\/17-licarayen-111x150.jpg\" class=\"attachment-thumbnail size-thumbnail\" alt=\"\" aria-describedby=\"gallery-2-3806\" srcset=\"https:\/\/www.decinti.com\/wp-content\/uploads\/2021\/10\/17-licarayen-111x150.jpg 111w, https:\/\/www.decinti.com\/wp-content\/uploads\/2021\/10\/17-licarayen-593x800.jpg 593w, https:\/\/www.decinti.com\/wp-content\/uploads\/2021\/10\/17-licarayen-768x1037.jpg 768w, https:\/\/www.decinti.com\/wp-content\/uploads\/2021\/10\/17-licarayen.jpg 1185w\" sizes=\"(max-width: 111px) 100vw, 111px\" \/><\/a>\n\t\t\t<\/dt>\n\t\t\t\t<dd class='wp-caption-text gallery-caption' id='gallery-2-3806'>\n\t\t\t\tLicaray\u00e9n y Peripill\u00e1n furioso, 2021<span class=\"cartela\"><br> \u00d3leo y alqu\u00eddico sobre lienzo, 87 x 130 cm<\/span>\n\t\t\t\t<\/dd><\/dl><dl class='gallery-item'>\n\t\t\t<dt class='gallery-icon landscape'>\n\t\t\t\t<a href='https:\/\/www.decinti.com\/en\/america\/1-licadetalle\/'><img loading=\"lazy\" decoding=\"async\" width=\"150\" height=\"121\" src=\"https:\/\/www.decinti.com\/wp-content\/uploads\/2021\/10\/1-licadetalle-150x121.jpg\" class=\"attachment-thumbnail size-thumbnail\" alt=\"\" aria-describedby=\"gallery-2-3808\" srcset=\"https:\/\/www.decinti.com\/wp-content\/uploads\/2021\/10\/1-licadetalle-150x121.jpg 150w, https:\/\/www.decinti.com\/wp-content\/uploads\/2021\/10\/1-licadetalle-800x647.jpg 800w, https:\/\/www.decinti.com\/wp-content\/uploads\/2021\/10\/1-licadetalle-768x621.jpg 768w, https:\/\/www.decinti.com\/wp-content\/uploads\/2021\/10\/1-licadetalle-1600x1294.jpg 1600w, https:\/\/www.decinti.com\/wp-content\/uploads\/2021\/10\/1-licadetalle.jpg 2000w\" sizes=\"(max-width: 150px) 100vw, 150px\" \/><\/a>\n\t\t\t<\/dt>\n\t\t\t\t<dd class='wp-caption-text gallery-caption' id='gallery-2-3808'>\n\t\t\t\tLicaray\u00e9n y Peripill\u00e1n furioso, 2021<span class=\"cartela\"><br> \u00d3leo y alqu\u00eddico sobre lienzo, 87 x 130 cm<\/span>\n\t\t\t\t<\/dd><\/dl><br style=\"clear: both\" \/><dl class='gallery-item'>\n\t\t\t<dt class='gallery-icon landscape'>\n\t\t\t\t<a href='https:\/\/www.decinti.com\/en\/america\/15-plantas\/'><img loading=\"lazy\" decoding=\"async\" width=\"150\" height=\"131\" src=\"https:\/\/www.decinti.com\/wp-content\/uploads\/2021\/10\/15-plantas-150x131.jpg\" class=\"attachment-thumbnail size-thumbnail\" alt=\"\" aria-describedby=\"gallery-2-3805\" srcset=\"https:\/\/www.decinti.com\/wp-content\/uploads\/2021\/10\/15-plantas-150x131.jpg 150w, https:\/\/www.decinti.com\/wp-content\/uploads\/2021\/10\/15-plantas-800x700.jpg 800w, https:\/\/www.decinti.com\/wp-content\/uploads\/2021\/10\/15-plantas-768x672.jpg 768w, https:\/\/www.decinti.com\/wp-content\/uploads\/2021\/10\/15-plantas.jpg 1600w\" sizes=\"(max-width: 150px) 100vw, 150px\" \/><\/a>\n\t\t\t<\/dt>\n\t\t\t\t<dd class='wp-caption-text gallery-caption' id='gallery-2-3805'>\n\t\t\t\tLa mujer produce las plantas, 2021<span class=\"cartela\"><br> \u00d3leo y alqu\u00eddico sobre lienzo, 160 x 150 cm<\/span>\n\t\t\t\t<\/dd><\/dl><dl class='gallery-item'>\n\t\t\t<dt class='gallery-icon landscape'>\n\t\t\t\t<a href='https:\/\/www.decinti.com\/en\/america\/1-dsc_0861\/'><img loading=\"lazy\" decoding=\"async\" width=\"150\" height=\"111\" src=\"https:\/\/www.decinti.com\/wp-content\/uploads\/2021\/10\/1-DSC_0861-150x111.jpg\" class=\"attachment-thumbnail size-thumbnail\" alt=\"\" aria-describedby=\"gallery-2-3811\" srcset=\"https:\/\/www.decinti.com\/wp-content\/uploads\/2021\/10\/1-DSC_0861-150x111.jpg 150w, https:\/\/www.decinti.com\/wp-content\/uploads\/2021\/10\/1-DSC_0861-800x595.jpg 800w, https:\/\/www.decinti.com\/wp-content\/uploads\/2021\/10\/1-DSC_0861-768x571.jpg 768w, https:\/\/www.decinti.com\/wp-content\/uploads\/2021\/10\/1-DSC_0861.jpg 1258w\" sizes=\"(max-width: 150px) 100vw, 150px\" \/><\/a>\n\t\t\t<\/dt>\n\t\t\t\t<dd class='wp-caption-text gallery-caption' id='gallery-2-3811'>\n\t\t\t\tLa mujer produce las plantas, 2021<span class=\"cartela\"><br> \u00d3leo y alqu\u00eddico sobre lienzo, 160 x 150 cm<\/span>\n\t\t\t\t<\/dd><\/dl><br style=\"clear: both\" \/>\n\t\t<\/div>\n\n","protected":false},"excerpt":{"rendered":"<p>Mitolog\u00eda maya Mitolog\u00eda mapuche Inspirado en el relato Trentrenfil\u00fa. El mito cosmog\u00f3nico fundamental de la mitolog\u00eda mapuche de Alberto Trivero<\/p>\n","protected":false},"author":1,"featured_media":0,"parent":0,"menu_order":0,"comment_status":"closed","ping_status":"closed","template":"page.beta.php","meta":{"_acf_changed":false,"footnotes":""},"acf":[],"jetpack_sharing_enabled":true,"_links":{"self":[{"href":"https:\/\/www.decinti.com\/en\/wp-json\/wp\/v2\/pages\/3800"}],"collection":[{"href":"https:\/\/www.decinti.com\/en\/wp-json\/wp\/v2\/pages"}],"about":[{"href":"https:\/\/www.decinti.com\/en\/wp-json\/wp\/v2\/types\/page"}],"author":[{"embeddable":true,"href":"https:\/\/www.decinti.com\/en\/wp-json\/wp\/v2\/users\/1"}],"replies":[{"embeddable":true,"href":"https:\/\/www.decinti.com\/en\/wp-json\/wp\/v2\/comments?post=3800"}],"version-history":[{"count":9,"href":"https:\/\/www.decinti.com\/en\/wp-json\/wp\/v2\/pages\/3800\/revisions"}],"predecessor-version":[{"id":7244,"href":"https:\/\/www.decinti.com\/en\/wp-json\/wp\/v2\/pages\/3800\/revisions\/7244"}],"wp:attachment":[{"href":"https:\/\/www.decinti.com\/en\/wp-json\/wp\/v2\/media?parent=3800"}],"curies":[{"name":"wp","href":"https:\/\/api.w.org\/{rel}","templated":true}]}}